{"id":1105,"date":"2022-11-08T21:07:57","date_gmt":"2022-11-08T20:07:57","guid":{"rendered":"https:\/\/yourgame.pl\/sklep\/?page_id=1105"},"modified":"2023-11-29T19:15:02","modified_gmt":"2023-11-29T18:15:02","slug":"kontakt","status":"publish","type":"page","link":"https:\/\/yourgame.pl\/sklep\/kontakt\/","title":{"rendered":"Kontakt"},"content":{"rendered":"\t\t<div data-elementor-type=\"wp-page\" data-elementor-id=\"1105\" class=\"elementor elementor-1105\">\n\t\t\t\t\t\t<section class=\"elementor-section elementor-top-section elementor-element elementor-element-536504b elementor-section-content-middle elementor-section-height-full elementor-section-boxed elementor-section-height-default elementor-section-items-middle\" data-id=\"536504b\" data-element_type=\"section\" data-e-type=\"section\" data-settings=\"{&quot;background_background&quot;:&quot;classic&quot;}\">\n\t\t\t\t\t\t<div class=\"elementor-container elementor-column-gap-no\">\n\t\t\t\t\t<div class=\"elementor-column elementor-col-50 elementor-top-column elementor-element elementor-element-e283ef2\" data-id=\"e283ef2\" data-element_type=\"column\" data-e-type=\"column\">\n\t\t\t<div class=\"elementor-widget-wrap elementor-element-populated\">\n\t\t\t\t\t\t<div class=\"elementor-element elementor-element-bbdd6c1 elementor-widget__width-initial elementor-widget elementor-widget-heading\" data-id=\"bbdd6c1\" data-element_type=\"widget\" data-e-type=\"widget\" data-widget_type=\"heading.default\">\n\t\t\t\t<div class=\"elementor-widget-container\">\n\t\t\t\t\t<h2 class=\"elementor-heading-title elementor-size-default\">Napisz do nas!<\/h2>\t\t\t\t<\/div>\n\t\t\t\t<\/div>\n\t\t\t\t<section class=\"elementor-section elementor-inner-section elementor-element elementor-element-3e26e66 elementor-section-boxed elementor-section-height-default elementor-section-height-default\" data-id=\"3e26e66\" data-element_type=\"section\" data-e-type=\"section\">\n\t\t\t\t\t\t<div class=\"elementor-container elementor-column-gap-default\">\n\t\t\t\t\t<div class=\"elementor-column elementor-col-50 elementor-inner-column elementor-element elementor-element-002588b\" data-id=\"002588b\" data-element_type=\"column\" data-e-type=\"column\">\n\t\t\t<div class=\"elementor-widget-wrap elementor-element-populated\">\n\t\t\t\t\t\t\t<\/div>\n\t\t<\/div>\n\t\t\t\t<div class=\"elementor-column elementor-col-50 elementor-inner-column elementor-element elementor-element-6cb4d6f\" data-id=\"6cb4d6f\" data-element_type=\"column\" data-e-type=\"column\">\n\t\t\t<div class=\"elementor-widget-wrap\">\n\t\t\t\t\t\t\t<\/div>\n\t\t<\/div>\n\t\t\t\t\t<\/div>\n\t\t<\/section>\n\t\t\t\t<div class=\"elementor-element elementor-element-b221f99 elementor-widget elementor-widget-text-editor\" data-id=\"b221f99\" data-element_type=\"widget\" data-e-type=\"widget\" data-widget_type=\"text-editor.default\">\n\t\t\t\t<div class=\"elementor-widget-container\">\n\t\t\t\t\t\t\t\t\t<p style=\"text-align: left;\"><strong>Je\u017celi interesuje Ci\u0119 stworzenie personalizowanej gry planszowej, poniewa\u017c prowadzisz dzia\u0142ania promocyjne, szukasz pomys\u0142u na prezent dla pracownik\u00f3w lub klient\u00f3w, a mo\u017ce jest jeszcze inny pow\u00f3d, to us\u0142ugi naszej firmy s\u0105 w\u0142a\u015bnie dla Ciebie.<\/strong><\/p><p style=\"text-align: left;\"><strong>Skontaktuj si\u0119 z nami, a my z ch\u0119ci\u0105 Tobie doradzimy i pomo\u017cemy w stworzeniu najlepszej gry planszowej dla Twojej firmy.<\/strong><\/p>\t\t\t\t\t\t\t\t<\/div>\n\t\t\t\t<\/div>\n\t\t\t\t<section class=\"elementor-section elementor-inner-section elementor-element elementor-element-bd6a38c elementor-section-boxed elementor-section-height-default elementor-section-height-default\" data-id=\"bd6a38c\" data-element_type=\"section\" data-e-type=\"section\">\n\t\t\t\t\t\t<div class=\"elementor-container elementor-column-gap-default\">\n\t\t\t\t\t<div class=\"elementor-column elementor-col-50 elementor-inner-column elementor-element elementor-element-38e0606\" data-id=\"38e0606\" data-element_type=\"column\" data-e-type=\"column\">\n\t\t\t<div class=\"elementor-widget-wrap\">\n\t\t\t\t\t\t\t<\/div>\n\t\t<\/div>\n\t\t\t\t<div class=\"elementor-column elementor-col-50 elementor-inner-column elementor-element elementor-element-fb1850f\" data-id=\"fb1850f\" data-element_type=\"column\" data-e-type=\"column\">\n\t\t\t<div class=\"elementor-widget-wrap\">\n\t\t\t\t\t\t\t<\/div>\n\t\t<\/div>\n\t\t\t\t\t<\/div>\n\t\t<\/section>\n\t\t\t\t<div class=\"elementor-element elementor-element-6040e34 elementor-widget-divider--view-line elementor-widget elementor-widget-divider\" data-id=\"6040e34\" data-element_type=\"widget\" data-e-type=\"widget\" data-widget_type=\"divider.default\">\n\t\t\t\t<div class=\"elementor-widget-container\">\n\t\t\t\t\t\t\t<div class=\"elementor-divider\">\n\t\t\t<span class=\"elementor-divider-separator\">\n\t\t\t\t\t\t<\/span>\n\t\t<\/div>\n\t\t\t\t\t\t<\/div>\n\t\t\t\t<\/div>\n\t\t\t\t<div class=\"elementor-element elementor-element-2bc1596 elementor-widget__width-initial elementor-view-default elementor-widget elementor-widget-icon\" data-id=\"2bc1596\" data-element_type=\"widget\" data-e-type=\"widget\" data-widget_type=\"icon.default\">\n\t\t\t\t<div class=\"elementor-widget-container\">\n\t\t\t\t\t\t\t<div class=\"elementor-icon-wrapper\">\n\t\t\t<div class=\"elementor-icon\">\n\t\t\t<i aria-hidden=\"true\" class=\"fas fa-envelope\"><\/i>\t\t\t<\/div>\n\t\t<\/div>\n\t\t\t\t\t\t<\/div>\n\t\t\t\t<\/div>\n\t\t\t\t<div class=\"elementor-element elementor-element-186fdaa elementor-widget__width-initial elementor-widget elementor-widget-heading\" data-id=\"186fdaa\" data-element_type=\"widget\" data-e-type=\"widget\" data-widget_type=\"heading.default\">\n\t\t\t\t<div class=\"elementor-widget-container\">\n\t\t\t\t\t<h2 class=\"elementor-heading-title elementor-size-default\">sklep@yourgame.pl<\/h2>\t\t\t\t<\/div>\n\t\t\t\t<\/div>\n\t\t\t\t<div class=\"elementor-element elementor-element-777c868 elementor-widget__width-initial elementor-view-default elementor-widget elementor-widget-icon\" data-id=\"777c868\" data-element_type=\"widget\" data-e-type=\"widget\" data-widget_type=\"icon.default\">\n\t\t\t\t<div class=\"elementor-widget-container\">\n\t\t\t\t\t\t\t<div class=\"elementor-icon-wrapper\">\n\t\t\t<div class=\"elementor-icon\">\n\t\t\t<i aria-hidden=\"true\" class=\"fas fa-phone-alt\"><\/i>\t\t\t<\/div>\n\t\t<\/div>\n\t\t\t\t\t\t<\/div>\n\t\t\t\t<\/div>\n\t\t\t\t<div class=\"elementor-element elementor-element-7217cc3 elementor-widget__width-initial elementor-widget elementor-widget-heading\" data-id=\"7217cc3\" data-element_type=\"widget\" data-e-type=\"widget\" data-widget_type=\"heading.default\">\n\t\t\t\t<div class=\"elementor-widget-container\">\n\t\t\t\t\t<h2 class=\"elementor-heading-title elementor-size-default\">+48 663 340 372<\/h2>\t\t\t\t<\/div>\n\t\t\t\t<\/div>\n\t\t\t\t<div class=\"elementor-element elementor-element-22e62e9 elementor-widget__width-initial elementor-view-default elementor-widget elementor-widget-icon\" data-id=\"22e62e9\" data-element_type=\"widget\" data-e-type=\"widget\" data-widget_type=\"icon.default\">\n\t\t\t\t<div class=\"elementor-widget-container\">\n\t\t\t\t\t\t\t<div class=\"elementor-icon-wrapper\">\n\t\t\t<div class=\"elementor-icon\">\n\t\t\t<i aria-hidden=\"true\" class=\"far fa-address-book\"><\/i>\t\t\t<\/div>\n\t\t<\/div>\n\t\t\t\t\t\t<\/div>\n\t\t\t\t<\/div>\n\t\t\t\t<div class=\"elementor-element elementor-element-8cc2c04 elementor-widget__width-initial elementor-widget elementor-widget-heading\" data-id=\"8cc2c04\" data-element_type=\"widget\" data-e-type=\"widget\" data-widget_type=\"heading.default\">\n\t\t\t\t<div class=\"elementor-widget-container\">\n\t\t\t\t\t<h2 class=\"elementor-heading-title elementor-size-default\">ul. Sienkiewicza 13, Dziekan\u00f3w Le\u015bny 05-092<\/h2>\t\t\t\t<\/div>\n\t\t\t\t<\/div>\n\t\t\t\t\t<\/div>\n\t\t<\/div>\n\t\t\t\t<div class=\"elementor-column elementor-col-50 elementor-top-column elementor-element elementor-element-151f8c2\" data-id=\"151f8c2\" data-element_type=\"column\" data-e-type=\"column\" data-settings=\"{&quot;background_background&quot;:&quot;classic&quot;}\">\n\t\t\t<div class=\"elementor-widget-wrap elementor-element-populated\">\n\t\t\t\t\t<div class=\"elementor-background-overlay\"><\/div>\n\t\t\t\t\t\t<div class=\"elementor-element elementor-element-c62b874 elementor-widget elementor-widget-wpforms\" data-id=\"c62b874\" data-element_type=\"widget\" data-e-type=\"widget\" data-widget_type=\"wpforms.default\">\n\t\t\t\t<div class=\"elementor-widget-container\">\n\t\t\t\t\t<div class=\"wpforms-container \" id=\"wpforms-1317\"><form id=\"wpforms-form-1317\" class=\"wpforms-validate wpforms-form wpforms-ajax-form\" data-formid=\"1317\" method=\"post\" enctype=\"multipart\/form-data\" action=\"\/sklep\/wp-json\/wp\/v2\/pages\/1105\" data-token=\"5be35fda121c112624984cf2c1440d2e\" data-token-time=\"1776346530\"><noscript class=\"wpforms-error-noscript\">Please enable JavaScript in your browser to complete this form.<\/noscript><div class=\"wpforms-field-container\"><div id=\"wpforms-1317-field_0-container\" class=\"wpforms-field wpforms-field-name\" data-field-id=\"0\"><label class=\"wpforms-field-label wpforms-label-hide\" for=\"wpforms-1317-field_0\">Imi\u0119 i nazwisko <span class=\"wpforms-required-label\">*<\/span><\/label><input type=\"text\" id=\"wpforms-1317-field_0\" class=\"wpforms-field-medium wpforms-field-required\" name=\"wpforms[fields][0]\" placeholder=\"Imi\u0119 i nazwisko\" required><\/div><div id=\"wpforms-1317-field_1-container\" class=\"wpforms-field wpforms-field-email\" data-field-id=\"1\"><label class=\"wpforms-field-label wpforms-label-hide\" for=\"wpforms-1317-field_1\">Email <span class=\"wpforms-required-label\">*<\/span><\/label><input type=\"email\" id=\"wpforms-1317-field_1\" class=\"wpforms-field-medium wpforms-field-required\" name=\"wpforms[fields][1]\" placeholder=\"Adres email\" spellcheck=\"false\" required><\/div><div id=\"wpforms-1317-field_2-container\" class=\"wpforms-field wpforms-field-textarea\" data-field-id=\"2\"><label class=\"wpforms-field-label wpforms-label-hide\" for=\"wpforms-1317-field_2\">Wiadomosc <span class=\"wpforms-required-label\">*<\/span><\/label><textarea id=\"wpforms-1317-field_2\" class=\"wpforms-field-medium wpforms-field-required\" name=\"wpforms[fields][2]\" placeholder=\"Twoja wiadomo\u015b\u0107 :)\" required><\/textarea><\/div><div id=\"wpforms-1317-field_3-container\" class=\"wpforms-field wpforms-field-checkbox\" data-field-id=\"3\"><label class=\"wpforms-field-label wpforms-label-hide\">Zgoda polityki prywatno\u015bci <span class=\"wpforms-required-label\">*<\/span><\/label><ul id=\"wpforms-1317-field_3\" class=\"wpforms-field-required\"><li class=\"choice-1 depth-1\"><input type=\"checkbox\" id=\"wpforms-1317-field_3_1\" name=\"wpforms[fields][3][]\" value=\"Wyra\u017casz zgod\u0119 na otrzymywanie informacji handlowych \u015brodkami komunikacji elektronicznej wysy\u0142anymi przez www.yourgame.pl zgodnie z polityk\u0105 prywatno\u015bci.\" required ><label class=\"wpforms-field-label-inline\" for=\"wpforms-1317-field_3_1\">Wyra\u017casz zgod\u0119 na otrzymywanie informacji handlowych \u015brodkami komunikacji elektronicznej wysy\u0142anymi przez www.yourgame.pl zgodnie z polityk\u0105 prywatno\u015bci.<\/label><\/li><\/ul><\/div><\/div><!-- .wpforms-field-container --><div class=\"wpforms-submit-container\" ><input type=\"hidden\" name=\"wpforms[id]\" value=\"1317\"><input type=\"hidden\" name=\"page_title\" value=\"\"><input type=\"hidden\" name=\"page_url\" value=\"https:\/\/yourgame.pl\/sklep\/wp-json\/wp\/v2\/pages\/1105\"><input type=\"hidden\" name=\"url_referer\" value=\"\"><button type=\"submit\" name=\"wpforms[submit]\" id=\"wpforms-submit-1317\" class=\"wpforms-submit\" data-alt-text=\"Wysy\u0142anie...\" data-submit-text=\"Wy\u015blij\" aria-live=\"assertive\" value=\"wpforms-submit\">Wy\u015blij<\/button><img decoding=\"async\" src=\"https:\/\/yourgame.pl\/sklep\/wp-content\/plugins\/wpforms-lite\/assets\/images\/submit-spin.svg\" class=\"wpforms-submit-spinner\" style=\"display: none;\" width=\"26\" height=\"26\" alt=\"Loading\"><\/div><\/form><\/div>  <!-- .wpforms-container -->\t\t\t\t<\/div>\n\t\t\t\t<\/div>\n\t\t\t\t<div class=\"elementor-element elementor-element-90f8508 e-transform e-transform elementor-widget elementor-widget-heading\" data-id=\"90f8508\" data-element_type=\"widget\" data-e-type=\"widget\" data-settings=\"{&quot;_transform_scale_effect_hover&quot;:{&quot;unit&quot;:&quot;px&quot;,&quot;size&quot;:1.1,&quot;sizes&quot;:[]},&quot;_transform_scale_effect&quot;:{&quot;unit&quot;:&quot;px&quot;,&quot;size&quot;:&quot;&quot;,&quot;sizes&quot;:[]},&quot;_transform_scale_effect_tablet&quot;:{&quot;unit&quot;:&quot;px&quot;,&quot;size&quot;:&quot;&quot;,&quot;sizes&quot;:[]},&quot;_transform_scale_effect_mobile&quot;:{&quot;unit&quot;:&quot;px&quot;,&quot;size&quot;:&quot;&quot;,&quot;sizes&quot;:[]},&quot;_transform_scale_effect_hover_tablet&quot;:{&quot;unit&quot;:&quot;px&quot;,&quot;size&quot;:&quot;&quot;,&quot;sizes&quot;:[]},&quot;_transform_scale_effect_hover_mobile&quot;:{&quot;unit&quot;:&quot;px&quot;,&quot;size&quot;:&quot;&quot;,&quot;sizes&quot;:[]}}\" data-widget_type=\"heading.default\">\n\t\t\t\t<div class=\"elementor-widget-container\">\n\t\t\t\t\t<h2 class=\"elementor-heading-title elementor-size-default\"><a href=\"https:\/\/yourgame.pl\/sklep\/polityka-prywatnosci\" target=\"_blank\">Polityka prywatno\u015bci<\/a><\/h2>\t\t\t\t<\/div>\n\t\t\t\t<\/div>\n\t\t\t\t\t<\/div>\n\t\t<\/div>\n\t\t\t\t\t<\/div>\n\t\t<\/section>\n\t\t\t\t<\/div>\n\t\t","protected":false},"excerpt":{"rendered":"<p>Napisz do nas! Je\u017celi interesuje Ci\u0119 stworzenie personalizowanej gry planszowej, poniewa\u017c prowadzisz dzia\u0142ania promocyjne, szukasz pomys\u0142u na prezent dla pracownik\u00f3w lub klient\u00f3w, a mo\u017ce jest jeszcze inny pow\u00f3d, to us\u0142ugi naszej firmy s\u0105 w\u0142a\u015bnie dla Ciebie. Skontaktuj si\u0119 z nami, a my z ch\u0119ci\u0105 Tobie doradzimy i pomo\u017cemy w stworzeniu najlepszej gry planszowej dla Twojej [&hellip;]<\/p>\n","protected":false},"author":1,"featured_media":0,"parent":0,"menu_order":0,"comment_status":"closed","ping_status":"closed","template":"","meta":{"_eb_attr":"","site-sidebar-layout":"no-sidebar","site-content-layout":"page-builder","ast-site-content-layout":"default","site-content-style":"default","site-sidebar-style":"default","ast-global-header-display":"","ast-banner-title-visibility":"","ast-main-header-display":"","ast-hfb-above-header-display":"","ast-hfb-below-header-display":"","ast-hfb-mobile-header-display":"","site-post-title":"disabled","ast-breadcrumbs-content":"","ast-featured-img":"disabled","footer-sml-layout":"","ast-disable-related-posts":"","theme-transparent-header-meta":"","adv-header-id-meta":"","stick-header-meta":"","header-above-stick-meta":"","header-main-stick-meta":"","header-below-stick-meta":"","astra-migrate-meta-layouts":"default","ast-page-background-enabled":"default","ast-page-background-meta":{"desktop":{"background-color":"","background-image":"","background-repeat":"repeat","background-position":"center center","background-size":"auto","background-attachment":"scroll","background-type":"","background-media":"","overlay-type":"","overlay-color":"","overlay-opacity":"","overlay-gradient":""},"tablet":{"background-color":"","background-image":"","background-repeat":"repeat","background-position":"center center","background-size":"auto","background-attachment":"scroll","background-type":"","background-media":"","overlay-type":"","overlay-color":"","overlay-opacity":"","overlay-gradient":""},"mobile":{"background-color":"","background-image":"","background-repeat":"repeat","background-position":"center center","background-size":"auto","background-attachment":"scroll","background-type":"","background-media":"","overlay-type":"","overlay-color":"","overlay-opacity":"","overlay-gradient":""}},"ast-content-background-meta":{"desktop":{"background-color":"var(--ast-global-color-5)","background-image":"","background-repeat":"repeat","background-position":"center center","background-size":"auto","background-attachment":"scroll","background-type":"","background-media":"","overlay-type":"","overlay-color":"","overlay-opacity":"","overlay-gradient":""},"tablet":{"background-color":"var(--ast-global-color-5)","background-image":"","background-repeat":"repeat","background-position":"center center","background-size":"auto","background-attachment":"scroll","background-type":"","background-media":"","overlay-type":"","overlay-color":"","overlay-opacity":"","overlay-gradient":""},"mobile":{"background-color":"var(--ast-global-color-5)","background-image":"","background-repeat":"repeat","background-position":"center center","background-size":"auto","background-attachment":"scroll","background-type":"","background-media":"","overlay-type":"","overlay-color":"","overlay-opacity":"","overlay-gradient":""}},"footnotes":""},"class_list":["post-1105","page","type-page","status-publish","hentry"],"yoast_head":"<!-- This site is optimized with the Yoast SEO plugin v27.4 - https:\/\/yoast.com\/product\/yoast-seo-wordpress\/ -->\n<title>Kontakt - Your Game Sklep<\/title>\n<meta name=\"robots\" content=\"index, follow, max-snippet:-1, max-image-preview:large, max-video-preview:-1\" \/>\n<link rel=\"canonical\" href=\"https:\/\/yourgame.pl\/sklep\/kontakt\/\" \/>\n<meta property=\"og:locale\" content=\"pl_PL\" \/>\n<meta property=\"og:type\" content=\"article\" \/>\n<meta property=\"og:title\" content=\"Kontakt - Your Game Sklep\" \/>\n<meta property=\"og:description\" content=\"Napisz do nas! Je\u017celi interesuje Ci\u0119 stworzenie personalizowanej gry planszowej, poniewa\u017c prowadzisz dzia\u0142ania promocyjne, szukasz pomys\u0142u na prezent dla pracownik\u00f3w lub klient\u00f3w, a mo\u017ce jest jeszcze inny pow\u00f3d, to us\u0142ugi naszej firmy s\u0105 w\u0142a\u015bnie dla Ciebie. Skontaktuj si\u0119 z nami, a my z ch\u0119ci\u0105 Tobie doradzimy i pomo\u017cemy w stworzeniu najlepszej gry planszowej dla Twojej [&hellip;]\" \/>\n<meta property=\"og:url\" content=\"https:\/\/yourgame.pl\/sklep\/kontakt\/\" \/>\n<meta property=\"og:site_name\" content=\"Your Game Sklep\" \/>\n<meta property=\"article:modified_time\" content=\"2023-11-29T18:15:02+00:00\" \/>\n<meta property=\"og:image\" content=\"https:\/\/yourgame.pl\/sklep\/wp-content\/plugins\/wpforms-lite\/assets\/images\/submit-spin.svg\" \/>\n<meta name=\"twitter:card\" content=\"summary_large_image\" \/>\n<meta name=\"twitter:label1\" content=\"Est. reading time\" \/>\n\t<meta name=\"twitter:data1\" content=\"1 minuta\" \/>\n<script type=\"application\/ld+json\" class=\"yoast-schema-graph\">{\"@context\":\"https:\\\/\\\/schema.org\",\"@graph\":[{\"@type\":\"WebPage\",\"@id\":\"https:\\\/\\\/yourgame.pl\\\/sklep\\\/kontakt\\\/\",\"url\":\"https:\\\/\\\/yourgame.pl\\\/sklep\\\/kontakt\\\/\",\"name\":\"Kontakt - Your Game Sklep\",\"isPartOf\":{\"@id\":\"https:\\\/\\\/yourgame.pl\\\/sklep\\\/#website\"},\"primaryImageOfPage\":{\"@id\":\"https:\\\/\\\/yourgame.pl\\\/sklep\\\/kontakt\\\/#primaryimage\"},\"image\":{\"@id\":\"https:\\\/\\\/yourgame.pl\\\/sklep\\\/kontakt\\\/#primaryimage\"},\"thumbnailUrl\":\"https:\\\/\\\/yourgame.pl\\\/sklep\\\/wp-content\\\/plugins\\\/wpforms-lite\\\/assets\\\/images\\\/submit-spin.svg\",\"datePublished\":\"2022-11-08T20:07:57+00:00\",\"dateModified\":\"2023-11-29T18:15:02+00:00\",\"breadcrumb\":{\"@id\":\"https:\\\/\\\/yourgame.pl\\\/sklep\\\/kontakt\\\/#breadcrumb\"},\"inLanguage\":\"pl-PL\",\"potentialAction\":[{\"@type\":\"ReadAction\",\"target\":[\"https:\\\/\\\/yourgame.pl\\\/sklep\\\/kontakt\\\/\"]}]},{\"@type\":\"ImageObject\",\"inLanguage\":\"pl-PL\",\"@id\":\"https:\\\/\\\/yourgame.pl\\\/sklep\\\/kontakt\\\/#primaryimage\",\"url\":\"https:\\\/\\\/yourgame.pl\\\/sklep\\\/wp-content\\\/plugins\\\/wpforms-lite\\\/assets\\\/images\\\/submit-spin.svg\",\"contentUrl\":\"https:\\\/\\\/yourgame.pl\\\/sklep\\\/wp-content\\\/plugins\\\/wpforms-lite\\\/assets\\\/images\\\/submit-spin.svg\"},{\"@type\":\"BreadcrumbList\",\"@id\":\"https:\\\/\\\/yourgame.pl\\\/sklep\\\/kontakt\\\/#breadcrumb\",\"itemListElement\":[{\"@type\":\"ListItem\",\"position\":1,\"name\":\"Sklep\",\"item\":\"https:\\\/\\\/yourgame.pl\\\/sklep\\\/\"},{\"@type\":\"ListItem\",\"position\":2,\"name\":\"Kontakt\"}]},{\"@type\":\"WebSite\",\"@id\":\"https:\\\/\\\/yourgame.pl\\\/sklep\\\/#website\",\"url\":\"https:\\\/\\\/yourgame.pl\\\/sklep\\\/\",\"name\":\"Your Game Sklep\",\"description\":\"To Ty rozdajesz karty!\",\"publisher\":{\"@id\":\"https:\\\/\\\/yourgame.pl\\\/sklep\\\/#organization\"},\"potentialAction\":[{\"@type\":\"SearchAction\",\"target\":{\"@type\":\"EntryPoint\",\"urlTemplate\":\"https:\\\/\\\/yourgame.pl\\\/sklep\\\/?s={search_term_string}\"},\"query-input\":{\"@type\":\"PropertyValueSpecification\",\"valueRequired\":true,\"valueName\":\"search_term_string\"}}],\"inLanguage\":\"pl-PL\"},{\"@type\":\"Organization\",\"@id\":\"https:\\\/\\\/yourgame.pl\\\/sklep\\\/#organization\",\"name\":\"Your Game Sklep\",\"url\":\"https:\\\/\\\/yourgame.pl\\\/sklep\\\/\",\"logo\":{\"@type\":\"ImageObject\",\"inLanguage\":\"pl-PL\",\"@id\":\"https:\\\/\\\/yourgame.pl\\\/sklep\\\/#\\\/schema\\\/logo\\\/image\\\/\",\"url\":\"https:\\\/\\\/yourgame.pl\\\/sklep\\\/wp-content\\\/uploads\\\/2022\\\/10\\\/Logo-wersja-rozszerozna-biala.png\",\"contentUrl\":\"https:\\\/\\\/yourgame.pl\\\/sklep\\\/wp-content\\\/uploads\\\/2022\\\/10\\\/Logo-wersja-rozszerozna-biala.png\",\"width\":12016,\"height\":3320,\"caption\":\"Your Game Sklep\"},\"image\":{\"@id\":\"https:\\\/\\\/yourgame.pl\\\/sklep\\\/#\\\/schema\\\/logo\\\/image\\\/\"}}]}<\/script>\n<!-- \/ Yoast SEO plugin. -->","yoast_head_json":{"title":"Kontakt - Your Game Sklep","robots":{"index":"index","follow":"follow","max-snippet":"max-snippet:-1","max-image-preview":"max-image-preview:large","max-video-preview":"max-video-preview:-1"},"canonical":"https:\/\/yourgame.pl\/sklep\/kontakt\/","og_locale":"pl_PL","og_type":"article","og_title":"Kontakt - Your Game Sklep","og_description":"Napisz do nas! Je\u017celi interesuje Ci\u0119 stworzenie personalizowanej gry planszowej, poniewa\u017c prowadzisz dzia\u0142ania promocyjne, szukasz pomys\u0142u na prezent dla pracownik\u00f3w lub klient\u00f3w, a mo\u017ce jest jeszcze inny pow\u00f3d, to us\u0142ugi naszej firmy s\u0105 w\u0142a\u015bnie dla Ciebie. Skontaktuj si\u0119 z nami, a my z ch\u0119ci\u0105 Tobie doradzimy i pomo\u017cemy w stworzeniu najlepszej gry planszowej dla Twojej [&hellip;]","og_url":"https:\/\/yourgame.pl\/sklep\/kontakt\/","og_site_name":"Your Game Sklep","article_modified_time":"2023-11-29T18:15:02+00:00","og_image":[{"url":"https:\/\/yourgame.pl\/sklep\/wp-content\/plugins\/wpforms-lite\/assets\/images\/submit-spin.svg","type":"","width":"","height":""}],"twitter_card":"summary_large_image","twitter_misc":{"Est. reading time":"1 minuta"},"schema":{"@context":"https:\/\/schema.org","@graph":[{"@type":"WebPage","@id":"https:\/\/yourgame.pl\/sklep\/kontakt\/","url":"https:\/\/yourgame.pl\/sklep\/kontakt\/","name":"Kontakt - Your Game Sklep","isPartOf":{"@id":"https:\/\/yourgame.pl\/sklep\/#website"},"primaryImageOfPage":{"@id":"https:\/\/yourgame.pl\/sklep\/kontakt\/#primaryimage"},"image":{"@id":"https:\/\/yourgame.pl\/sklep\/kontakt\/#primaryimage"},"thumbnailUrl":"https:\/\/yourgame.pl\/sklep\/wp-content\/plugins\/wpforms-lite\/assets\/images\/submit-spin.svg","datePublished":"2022-11-08T20:07:57+00:00","dateModified":"2023-11-29T18:15:02+00:00","breadcrumb":{"@id":"https:\/\/yourgame.pl\/sklep\/kontakt\/#breadcrumb"},"inLanguage":"pl-PL","potentialAction":[{"@type":"ReadAction","target":["https:\/\/yourgame.pl\/sklep\/kontakt\/"]}]},{"@type":"ImageObject","inLanguage":"pl-PL","@id":"https:\/\/yourgame.pl\/sklep\/kontakt\/#primaryimage","url":"https:\/\/yourgame.pl\/sklep\/wp-content\/plugins\/wpforms-lite\/assets\/images\/submit-spin.svg","contentUrl":"https:\/\/yourgame.pl\/sklep\/wp-content\/plugins\/wpforms-lite\/assets\/images\/submit-spin.svg"},{"@type":"BreadcrumbList","@id":"https:\/\/yourgame.pl\/sklep\/kontakt\/#breadcrumb","itemListElement":[{"@type":"ListItem","position":1,"name":"Sklep","item":"https:\/\/yourgame.pl\/sklep\/"},{"@type":"ListItem","position":2,"name":"Kontakt"}]},{"@type":"WebSite","@id":"https:\/\/yourgame.pl\/sklep\/#website","url":"https:\/\/yourgame.pl\/sklep\/","name":"Your Game Sklep","description":"To Ty rozdajesz karty!","publisher":{"@id":"https:\/\/yourgame.pl\/sklep\/#organization"},"potentialAction":[{"@type":"SearchAction","target":{"@type":"EntryPoint","urlTemplate":"https:\/\/yourgame.pl\/sklep\/?s={search_term_string}"},"query-input":{"@type":"PropertyValueSpecification","valueRequired":true,"valueName":"search_term_string"}}],"inLanguage":"pl-PL"},{"@type":"Organization","@id":"https:\/\/yourgame.pl\/sklep\/#organization","name":"Your Game Sklep","url":"https:\/\/yourgame.pl\/sklep\/","logo":{"@type":"ImageObject","inLanguage":"pl-PL","@id":"https:\/\/yourgame.pl\/sklep\/#\/schema\/logo\/image\/","url":"https:\/\/yourgame.pl\/sklep\/wp-content\/uploads\/2022\/10\/Logo-wersja-rozszerozna-biala.png","contentUrl":"https:\/\/yourgame.pl\/sklep\/wp-content\/uploads\/2022\/10\/Logo-wersja-rozszerozna-biala.png","width":12016,"height":3320,"caption":"Your Game Sklep"},"image":{"@id":"https:\/\/yourgame.pl\/sklep\/#\/schema\/logo\/image\/"}}]}},"_links":{"self":[{"href":"https:\/\/yourgame.pl\/sklep\/wp-json\/wp\/v2\/pages\/1105","targetHints":{"allow":["GET"]}}],"collection":[{"href":"https:\/\/yourgame.pl\/sklep\/wp-json\/wp\/v2\/pages"}],"about":[{"href":"https:\/\/yourgame.pl\/sklep\/wp-json\/wp\/v2\/types\/page"}],"author":[{"embeddable":true,"href":"https:\/\/yourgame.pl\/sklep\/wp-json\/wp\/v2\/users\/1"}],"replies":[{"embeddable":true,"href":"https:\/\/yourgame.pl\/sklep\/wp-json\/wp\/v2\/comments?post=1105"}],"version-history":[{"count":0,"href":"https:\/\/yourgame.pl\/sklep\/wp-json\/wp\/v2\/pages\/1105\/revisions"}],"wp:attachment":[{"href":"https:\/\/yourgame.pl\/sklep\/wp-json\/wp\/v2\/media?parent=1105"}],"curies":[{"name":"wp","href":"https:\/\/api.w.org\/{rel}","templated":true}]}}