{"id":1092,"date":"2022-11-08T20:51:52","date_gmt":"2022-11-08T19:51:52","guid":{"rendered":"https:\/\/yourgame.pl\/sklep\/?page_id=1092"},"modified":"2022-12-15T19:49:51","modified_gmt":"2022-12-15T18:49:51","slug":"polityka-prywatnosci","status":"publish","type":"page","link":"https:\/\/yourgame.pl\/sklep\/polityka-prywatnosci\/","title":{"rendered":"Polityka prywatno\u015bci"},"content":{"rendered":"\t\t<div data-elementor-type=\"wp-page\" data-elementor-id=\"1092\" class=\"elementor elementor-1092\">\n\t\t\t\t\t\t<section class=\"elementor-section elementor-top-section elementor-element elementor-element-e12e526 elementor-section-boxed elementor-section-height-default elementor-section-height-default\" data-id=\"e12e526\" data-element_type=\"section\" data-e-type=\"section\" data-settings=\"{&quot;background_background&quot;:&quot;classic&quot;}\">\n\t\t\t\t\t\t<div class=\"elementor-container elementor-column-gap-default\">\n\t\t\t\t\t<div class=\"elementor-column elementor-col-100 elementor-top-column elementor-element elementor-element-833f1f6\" data-id=\"833f1f6\" data-element_type=\"column\" data-e-type=\"column\">\n\t\t\t<div class=\"elementor-widget-wrap elementor-element-populated\">\n\t\t\t\t\t\t<div class=\"elementor-element elementor-element-26dd028 elementor-widget elementor-widget-heading\" data-id=\"26dd028\" data-element_type=\"widget\" data-e-type=\"widget\" data-widget_type=\"heading.default\">\n\t\t\t\t<div class=\"elementor-widget-container\">\n\t\t\t\t\t<h2 class=\"elementor-heading-title elementor-size-default\">Polityka prywatno\u015bci i cookies dla sklepu internetowego Your Game<\/h2>\t\t\t\t<\/div>\n\t\t\t\t<\/div>\n\t\t\t\t\t<\/div>\n\t\t<\/div>\n\t\t\t\t\t<\/div>\n\t\t<\/section>\n\t\t\t\t<section class=\"elementor-section elementor-top-section elementor-element elementor-element-88f9fd4 elementor-section-boxed elementor-section-height-default elementor-section-height-default\" data-id=\"88f9fd4\" data-element_type=\"section\" data-e-type=\"section\" data-settings=\"{&quot;background_background&quot;:&quot;classic&quot;}\">\n\t\t\t\t\t\t<div class=\"elementor-container elementor-column-gap-default\">\n\t\t\t\t\t<div class=\"elementor-column elementor-col-100 elementor-top-column elementor-element elementor-element-4c1de59\" data-id=\"4c1de59\" data-element_type=\"column\" data-e-type=\"column\">\n\t\t\t<div class=\"elementor-widget-wrap elementor-element-populated\">\n\t\t\t\t\t\t<div class=\"elementor-element elementor-element-441cdb0 elementor-widget elementor-widget-text-editor\" data-id=\"441cdb0\" data-element_type=\"widget\" data-e-type=\"widget\" data-widget_type=\"text-editor.default\">\n\t\t\t\t<div class=\"elementor-widget-container\">\n\t\t\t\t\t\t\t\t\t<p><span style=\"font-weight: 400;\">W wykonaniu obowi\u0105zku informacyjnego wprowadzonego art. 13 ust. 1 i ust. 2 Rozporz\u0105dzenia Parlamentu Europejskiego i Rady (UE) 2016\/679 z dnia 27 kwietnia 2016 r. w sprawie ochrony os\u00f3b fizycznych w zwi\u0105zku z przetwarzaniem danych osobowych i w sprawie swobodnego przep\u0142ywu takich danych oraz uchylenia dyrektywy 95\/46\/WE oraz uchylenia Dyrektywy 95\/46\/WE (og\u00f3lne rozporz\u0105dzenie o ochronie danych osobowych) (dalej RODO) UWRC Sp. z o.o., z siedzib\u0105 w Warszawie przekazuj\u0119 nast\u0119puj\u0105ce informacje dotycz\u0105ce ochrony Pani\/Pana danych osobowych:<\/span><\/p>\n<ol>\n<li><span style=\"font-weight: 400;\"> Administrator Pani\/Pana danych osobowych.<\/span><\/li>\n<\/ol>\n<p><span style=\"font-weight: 400;\">Administratorem, czyli podmiotem decyduj\u0105cym o tym, jak b\u0119d\u0105 wykorzystywane Pani\/Pana dane osobowe, jest <\/span><span style=\"font-weight: 400;\">Barbara Lis Your Game w Dziekanowie Le\u015bnym, przy ul. Sienkiewicza 13, zarejestrowana w Centralna Ewidencji i Informacji o Dzia\u0142alno\u015bci Gospodarczej<\/span> <span style=\"font-weight: 400;\">NIP:&nbsp; <\/span><span style=\"font-weight: 400;\">1182244339<\/span><span style=\"font-weight: 400;\">; Regon: <\/span><span style=\"font-weight: 400;\">522495575<\/span><span style=\"font-weight: 400;\">.<\/span><\/p>\n<ol start=\"2\">\n<li><span style=\"font-weight: 400;\"> Kontakt w sprawach zwi\u0105zanych&nbsp; z przetwarzaniem Pani\/Pana danych osobowych.<\/span><\/li>\n<\/ol>\n<p><span style=\"font-weight: 400;\">W sprawie uzyskania szczeg\u00f3\u0142owych informacji o przetwarzaniu danych osobowych, a tak\u017ce we wszystkich sprawach zwi\u0105zanych z przetwarzaniem danych osobowych nale\u017cy skontaktowa\u0107 si\u0119 Administratorem: na pi\u015bmie na adres: <\/span><span style=\"font-weight: 400;\">ul. Sienkiewicza 13&nbsp; (05-092 Dziekan\u00f3w Le\u015bny)<\/span><span style=\"font-weight: 400;\">, e \u2013 mail: administracja@yourgame.pl.<\/span><\/p>\n<ol start=\"3\">\n<li><span style=\"font-weight: 400;\"> Zakres Pani\/Pana danych&nbsp; osobowych przetwarzanych przez jednoosobow\u0105 dzia\u0142alno\u015b\u0107 gospodarcza.<\/span><\/li>\n<\/ol>\n<p><span style=\"font-weight: 400;\">Imi\u0119, nazwisko, adres e-mail oraz inne dane, kt\u00f3re Pani\/Pan zawrze w korespondencji kierowanej do jednoosobowej dzia\u0142alno\u015bci gospodarczej.<\/span><\/p>\n<ol start=\"4\">\n<li><span style=\"font-weight: 400;\"> Cel\/Cele przetwarzania&nbsp; Pani\/Pana danych osobowych (wraz ze wskazaniem podstawy&nbsp; prawnej).<\/span><\/li>\n<\/ol>\n<p><span style=\"font-weight: 400;\">Dane osobowe przekazane przez Pani\u0105\/Pana przetwarzane s\u0105 wy\u0142\u0105cznie w celu:<\/span><\/p>\n<ul>\n<li aria-level=\"1\"><span style=\"font-weight: 400;\">przedstawienia&nbsp; informacji handlowych w rozumieniu ustawy z dnia 18 lipca 2002 r. o \u015bwiadczeniu us\u0142ug drog\u0105 elektroniczn\u0105 o tre\u015bci marketingowej pochodz\u0105cych od&nbsp;jednoosobowej dzia\u0142alno\u015bci gospodarczej (podstawa art. 6 ust. 1 lit. a RODO);<\/span><\/li>\n<\/ul>\n<ul>\n<li aria-level=\"1\"><span style=\"font-weight: 400;\">przygotowania do zawarcia i wykonania umowy sprzeda\u017cy personalizowanych gier planszowych pomi\u0119dzy Pani\u0105\/Panem a jednoosobow\u0105 dzia\u0142alno\u015bci\u0105 gospodarcz\u0105 (podstawa 6 ust. 1 lit. b RODO).<\/span><\/li>\n<\/ul>\n<ol start=\"5\">\n<li><span style=\"font-weight: 400;\"> Kategorie odbiorc\u00f3w Pani\/Pana danych osobowych.<\/span><\/li>\n<\/ol>\n<p><span style=\"font-weight: 400;\">Pani\/Pana dane osobowe mog\u0105 zosta\u0107 przekazane nast\u0119puj\u0105cym podmiotom:<\/span><\/p>\n<ol>\n<li style=\"font-weight: 400;\" aria-level=\"1\"><span style=\"font-weight: 400;\">przetwarzaj\u0105cym dane w imieniu jednoosobowej dzia\u0142alno\u015bci gospodarczej, a uczestnicz\u0105cych w wykonywaniu umowy sprzeda\u017cy personalizowanych gier planszowych, tj.: podwykonawcom &#8211; podmiotom \u015bwiadcz\u0105cym na rzecz jednoosobowej dzia\u0142alno\u015bci gospodarczej us\u0142ugi rachunkowe lub z zakresu prawa podatkowego;<\/span><\/li>\n<\/ol>\n<p><span style=\"font-weight: 400;\">przetwarzaj\u0105cym dane we w\u0142asnym imieniu, tj.: podmiotom \u015bwiadcz\u0105cym na rzecz jednoosobowej dzia\u0142alno\u015bci gospodarczej us\u0142ugi prawne, s\u0105dom i organom egzekucyjnym, podmiotom prowadz\u0105cym dzia\u0142alno\u015b\u0107 pocztow\u0105 lub kuriersk\u0105, podmiotom prowadz\u0105cym dzia\u0142alno\u015b\u0107 p\u0142atnicz\u0105 (bankom, instytucjom p\u0142atniczym) \u2013 je\u015bli jest to wymagane w zwi\u0105zku z p\u0142atno\u015bciami na Pani\/Pana rzecz.<\/span><\/p>\n<ol start=\"6\">\n<li><span style=\"font-weight: 400;\"> Informacje o zamiarze przekazania danych osobowych do pa\u0144stwa trzeciego lub organizacji mi\u0119dzynarodowej.<\/span><\/li>\n<\/ol>\n<p><span style=\"font-weight: 400;\">Jednoosobowej dzia\u0142alno\u015bci gospodarczej nie ma zamiaru przekazywa\u0107 Pani\/Pana danych&nbsp; osobowych do pa\u0144stwa trzeciego lub organizacji&nbsp; mi\u0119dzynarodowej.<\/span><\/p>\n<ol start=\"7\">\n<li><span style=\"font-weight: 400;\"> Okres, przez kt\u00f3ry dane osobowe b\u0119d\u0105 przechowywane.<\/span><\/li>\n<\/ol>\n<p><span style=\"font-weight: 400;\">Dane osobowe przekazane przez Pani\u0105\/Pana b\u0119d\u0105 przetwarzane do czasu zako\u0144czenia realizacji umowy sprzeda\u017cy personalizowanych gier planszowych. Po tym czasie, Pani\/Pana dane osobowe b\u0119d\u0105 przetwarzane do czasu up\u0142ywu termin\u00f3w przedawnienia roszcze\u0144 wynikaj\u0105cych z umowy sprzeda\u017cy. Po up\u0142ywie okres\u00f3w wskazanych powy\u017cej Pani\/Pana dane s\u0105 usuwane lub poddawane anonimizacji.<\/span><\/p>\n<ol start=\"8\">\n<li><span style=\"font-weight: 400;\"> Prawo do \u017c\u0105dania od Administratora dost\u0119pu do Pani\/Pana danych osobowych.<\/span><\/li>\n<\/ol>\n<p><span style=\"font-weight: 400;\">Ma Pani\/Pan prawo uzyskania potwierdzenia faktu&nbsp; przetwarzania danych osobowych, a tak\u017ce uzyskania kopii&nbsp; danych osobowych podlegaj\u0105cych przetwarzaniu.<\/span><\/p>\n<ol start=\"9\">\n<li><span style=\"font-weight: 400;\"> Prawo do \u017c\u0105dania sprostowania Pani\/Pana danych osobowych.<\/span><\/li>\n<\/ol>\n<p><span style=\"font-weight: 400;\">W przypadku gdy Pani\/Pana dane s\u0105 nieprawid\u0142owe lub&nbsp; niepe\u0142ne ma Pani\/Pan prawo \u017c\u0105dania sprostowania danych&nbsp; osobowych.<\/span><\/p>\n<ol start=\"10\">\n<li><span style=\"font-weight: 400;\"> Prawo do \u017c\u0105dania usuni\u0119cia Pani\/Pana danych osobowych.<\/span><\/li>\n<\/ol>\n<p><span style=\"font-weight: 400;\">Ma Pani\/Pan prawo \u017c\u0105da\u0107 usuni\u0119cia danych Pani\/Pana&nbsp; dotycz\u0105cych, tj. przys\u0142uguje Pani\/Panu tzw. prawo do bycia&nbsp; zapomnianym, chyba \u017ce przetwarzanie Pani\/Pana danych&nbsp; osobowych jest niezb\u0119dne do ustalenia, realizacji lub&nbsp; obrony roszcze\u0144 prawnych.<\/span><\/p>\n<ol start=\"11\">\n<li><span style=\"font-weight: 400;\"> Prawo do \u017c\u0105dania ograniczenia przetwarzania Pani\/Pana danych osobowych.<\/span><\/li>\n<\/ol>\n<p><span style=\"font-weight: 400;\">W przypadkach wskazanych w art. 18 RODO ma Pani\/Pan&nbsp; prawo do \u017c\u0105dania ograniczenia przetwarzania Pani\/Pana&nbsp; danych osobowych.<\/span><\/p>\n<ol start=\"12\">\n<li><span style=\"font-weight: 400;\"> Prawo do wniesienia sprzeciwu wobec przetwarzania Pani\/Pana danych osobowych.<\/span><\/li>\n<\/ol>\n<p><span style=\"font-weight: 400;\">W zwi\u0105zku z tym, i\u017c podstaw\u0105 przetwarzania danych&nbsp; osobowych nie jest art. 6 ust. 1 lit. e lub f RODO nie&nbsp; przys\u0142uguje Pani\/Panu prawo do wniesienia sprzeciwu wobec przetwarzania dotycz\u0105cych Pani\/Pana danych.<\/span><\/p>\n<ol start=\"13\">\n<li><span style=\"font-weight: 400;\"> Prawo do przenoszenia Pani\/Pana danych osobowych<\/span><\/li>\n<\/ol>\n<p><span style=\"font-weight: 400;\">.&nbsp;<\/span><\/p>\n<p><span style=\"font-weight: 400;\">Ma Pani\/Pan prawo otrzymania w ustrukturyzowanym&nbsp; powszechnie u\u017cywanym formacie nadaj\u0105cym si\u0119 do odczytu maszynowego dane Pani\/Pana dotycz\u0105ce, dostarczone&nbsp; Sp\u00f3\u0142ce i przes\u0142a\u0107 te dane innemu administratorowi lub&nbsp; za\u017c\u0105da\u0107 aby jednoosobowa dzia\u0142alno\u015b\u0107 gospodarcza bezpo\u015brednio przes\u0142a\u0142a te dane&nbsp; wskazanemu administratorowi.<\/span><\/p>\n<ol start=\"14\">\n<li><span style=\"font-weight: 400;\"> Prawo wniesienia skargi do organu nadzorczego.<\/span><\/li>\n<\/ol>\n<p><span style=\"font-weight: 400;\">Ma Pani\/Pan prawo wniesienia skargi do organu&nbsp; nadzoruj\u0105cego przestrzeganie przepis\u00f3w ochrony danych&nbsp; osobowych gdy uzna Pani\/Pan, i\u017c przetwarzanie przez jednoosobow\u0105 dzia\u0142alno\u015b\u0107 gospodarcz\u0105 danych osobowych Pani\/Pana dotycz\u0105cych narusza&nbsp; RODO.<\/span><\/p>\n<ol start=\"15\">\n<li><span style=\"font-weight: 400;\"> Prawo do cofni\u0119cia zgody.&nbsp;<\/span><\/li>\n<\/ol>\n<p><span style=\"font-weight: 400;\">Ma Pani\/Pan prawo do cofni\u0119cia w dowolnym momencie udzielonej zgody na przetwarzanie danych osobowych bez&nbsp; wp\u0142ywu na zgodno\u015b\u0107 z prawem przetwarzania, kt\u00f3rego&nbsp; dokonano na podstawie zgody przed jej cofni\u0119ciem.<\/span><\/p>\n<ol start=\"16\">\n<li><span style=\"font-weight: 400;\"> Informacje o zautomatyzowanym podejmowaniu decyzji, w tym o profilowaniu.<\/span><\/li>\n<\/ol>\n<p><span style=\"font-weight: 400;\">Jednoosobowa dzia\u0142alno\u015b\u0107 gospodarcza nie podejmuje w spos\u00f3b zautomatyzowany decyzji,&nbsp; ani nie dokonuje profilowania na podstawie danych&nbsp; przekazanych przez Pani\u0105\/Pana.<\/span><\/p>\n<p style=\"text-align: center;\"><strong>PLIKI COOKIES<\/strong><\/p>\n<p>Pliki cookies to ma\u0142e pliki tekstowe, zapisywane na urz\u0105dzeniu U\u017cytkownika, przegl\u0105daj\u0105cego Serwis, wysy\u0142ane przez serwer www. Cookies zazwyczaj zawieraj\u0105 nazw\u0119 domeny serwisu internetowego, z kt\u00f3rego pochodz\u0105, czas przechowywania ich na urz\u0105dzeniu ko\u0144cowym oraz unikalny numer.<\/p>\n<p>Nasz serwis wykorzystuje pliki cookies w celu u\u0142atwienia przegl\u0105dania Serwisu, przygotowania statystyk ruchu w Serwisie, zapami\u0119tania ustawie\u0144 U\u017cytkownika (np. czcionka) oraz umo\u017cliwenie bezpo\u015bredniego przej\u015bcia z Serwisu do naszych stron w mediach spo\u0142eczno\u015bciowych.<\/p>\t\t\t\t\t\t\t\t<\/div>\n\t\t\t\t<\/div>\n\t\t\t\t\t<\/div>\n\t\t<\/div>\n\t\t\t\t\t<\/div>\n\t\t<\/section>\n\t\t\t\t<\/div>\n\t\t","protected":false},"excerpt":{"rendered":"<p>Polityka prywatno\u015bci i cookies dla sklepu internetowego Your Game W wykonaniu obowi\u0105zku informacyjnego wprowadzonego art. 13 ust. 1 i ust. 2 Rozporz\u0105dzenia Parlamentu Europejskiego i Rady (UE) 2016\/679 z dnia 27 kwietnia 2016 r. w sprawie ochrony os\u00f3b fizycznych w zwi\u0105zku z przetwarzaniem danych osobowych i w sprawie swobodnego przep\u0142ywu takich danych oraz uchylenia dyrektywy [&hellip;]<\/p>\n","protected":false},"author":1,"featured_media":0,"parent":0,"menu_order":0,"comment_status":"closed","ping_status":"closed","template":"","meta":{"_eb_attr":"","site-sidebar-layout":"no-sidebar","site-content-layout":"page-builder","ast-site-content-layout":"default","site-content-style":"default","site-sidebar-style":"default","ast-global-header-display":"","ast-banner-title-visibility":"","ast-main-header-display":"","ast-hfb-above-header-display":"","ast-hfb-below-header-display":"","ast-hfb-mobile-header-display":"","site-post-title":"disabled","ast-breadcrumbs-content":"","ast-featured-img":"disabled","footer-sml-layout":"","ast-disable-related-posts":"","theme-transparent-header-meta":"","adv-header-id-meta":"","stick-header-meta":"","header-above-stick-meta":"","header-main-stick-meta":"","header-below-stick-meta":"","astra-migrate-meta-layouts":"default","ast-page-background-enabled":"default","ast-page-background-meta":{"desktop":{"background-color":"","background-image":"","background-repeat":"repeat","background-position":"center center","background-size":"auto","background-attachment":"scroll","background-type":"","background-media":"","overlay-type":"","overlay-color":"","overlay-opacity":"","overlay-gradient":""},"tablet":{"background-color":"","background-image":"","background-repeat":"repeat","background-position":"center center","background-size":"auto","background-attachment":"scroll","background-type":"","background-media":"","overlay-type":"","overlay-color":"","overlay-opacity":"","overlay-gradient":""},"mobile":{"background-color":"","background-image":"","background-repeat":"repeat","background-position":"center center","background-size":"auto","background-attachment":"scroll","background-type":"","background-media":"","overlay-type":"","overlay-color":"","overlay-opacity":"","overlay-gradient":""}},"ast-content-background-meta":{"desktop":{"background-color":"var(--ast-global-color-5)","background-image":"","background-repeat":"repeat","background-position":"center center","background-size":"auto","background-attachment":"scroll","background-type":"","background-media":"","overlay-type":"","overlay-color":"","overlay-opacity":"","overlay-gradient":""},"tablet":{"background-color":"var(--ast-global-color-5)","background-image":"","background-repeat":"repeat","background-position":"center center","background-size":"auto","background-attachment":"scroll","background-type":"","background-media":"","overlay-type":"","overlay-color":"","overlay-opacity":"","overlay-gradient":""},"mobile":{"background-color":"var(--ast-global-color-5)","background-image":"","background-repeat":"repeat","background-position":"center center","background-size":"auto","background-attachment":"scroll","background-type":"","background-media":"","overlay-type":"","overlay-color":"","overlay-opacity":"","overlay-gradient":""}},"footnotes":""},"class_list":["post-1092","page","type-page","status-publish","hentry"],"yoast_head":"<!-- This site is optimized with the Yoast SEO plugin v27.4 - https:\/\/yoast.com\/product\/yoast-seo-wordpress\/ -->\n<title>Polityka prywatno\u015bci - Your Game Sklep<\/title>\n<meta name=\"robots\" content=\"index, follow, max-snippet:-1, max-image-preview:large, max-video-preview:-1\" \/>\n<link rel=\"canonical\" href=\"https:\/\/yourgame.pl\/sklep\/polityka-prywatnosci\/\" \/>\n<meta property=\"og:locale\" content=\"pl_PL\" \/>\n<meta property=\"og:type\" content=\"article\" \/>\n<meta property=\"og:title\" content=\"Polityka prywatno\u015bci - Your Game Sklep\" \/>\n<meta property=\"og:description\" content=\"Polityka prywatno\u015bci i cookies dla sklepu internetowego Your Game W wykonaniu obowi\u0105zku informacyjnego wprowadzonego art. 13 ust. 1 i ust. 2 Rozporz\u0105dzenia Parlamentu Europejskiego i Rady (UE) 2016\/679 z dnia 27 kwietnia 2016 r. w sprawie ochrony os\u00f3b fizycznych w zwi\u0105zku z przetwarzaniem danych osobowych i w sprawie swobodnego przep\u0142ywu takich danych oraz uchylenia dyrektywy [&hellip;]\" \/>\n<meta property=\"og:url\" content=\"https:\/\/yourgame.pl\/sklep\/polityka-prywatnosci\/\" \/>\n<meta property=\"og:site_name\" content=\"Your Game Sklep\" \/>\n<meta property=\"article:modified_time\" content=\"2022-12-15T18:49:51+00:00\" \/>\n<meta name=\"twitter:card\" content=\"summary_large_image\" \/>\n<meta name=\"twitter:label1\" content=\"Est. reading time\" \/>\n\t<meta name=\"twitter:data1\" content=\"5 minut\" \/>\n<script type=\"application\/ld+json\" class=\"yoast-schema-graph\">{\"@context\":\"https:\\\/\\\/schema.org\",\"@graph\":[{\"@type\":\"WebPage\",\"@id\":\"https:\\\/\\\/yourgame.pl\\\/sklep\\\/polityka-prywatnosci\\\/\",\"url\":\"https:\\\/\\\/yourgame.pl\\\/sklep\\\/polityka-prywatnosci\\\/\",\"name\":\"Polityka prywatno\u015bci - Your Game Sklep\",\"isPartOf\":{\"@id\":\"https:\\\/\\\/yourgame.pl\\\/sklep\\\/#website\"},\"datePublished\":\"2022-11-08T19:51:52+00:00\",\"dateModified\":\"2022-12-15T18:49:51+00:00\",\"breadcrumb\":{\"@id\":\"https:\\\/\\\/yourgame.pl\\\/sklep\\\/polityka-prywatnosci\\\/#breadcrumb\"},\"inLanguage\":\"pl-PL\",\"potentialAction\":[{\"@type\":\"ReadAction\",\"target\":[\"https:\\\/\\\/yourgame.pl\\\/sklep\\\/polityka-prywatnosci\\\/\"]}]},{\"@type\":\"BreadcrumbList\",\"@id\":\"https:\\\/\\\/yourgame.pl\\\/sklep\\\/polityka-prywatnosci\\\/#breadcrumb\",\"itemListElement\":[{\"@type\":\"ListItem\",\"position\":1,\"name\":\"Sklep\",\"item\":\"https:\\\/\\\/yourgame.pl\\\/sklep\\\/\"},{\"@type\":\"ListItem\",\"position\":2,\"name\":\"Polityka prywatno\u015bci\"}]},{\"@type\":\"WebSite\",\"@id\":\"https:\\\/\\\/yourgame.pl\\\/sklep\\\/#website\",\"url\":\"https:\\\/\\\/yourgame.pl\\\/sklep\\\/\",\"name\":\"Your Game Sklep\",\"description\":\"To Ty rozdajesz karty!\",\"publisher\":{\"@id\":\"https:\\\/\\\/yourgame.pl\\\/sklep\\\/#organization\"},\"potentialAction\":[{\"@type\":\"SearchAction\",\"target\":{\"@type\":\"EntryPoint\",\"urlTemplate\":\"https:\\\/\\\/yourgame.pl\\\/sklep\\\/?s={search_term_string}\"},\"query-input\":{\"@type\":\"PropertyValueSpecification\",\"valueRequired\":true,\"valueName\":\"search_term_string\"}}],\"inLanguage\":\"pl-PL\"},{\"@type\":\"Organization\",\"@id\":\"https:\\\/\\\/yourgame.pl\\\/sklep\\\/#organization\",\"name\":\"Your Game Sklep\",\"url\":\"https:\\\/\\\/yourgame.pl\\\/sklep\\\/\",\"logo\":{\"@type\":\"ImageObject\",\"inLanguage\":\"pl-PL\",\"@id\":\"https:\\\/\\\/yourgame.pl\\\/sklep\\\/#\\\/schema\\\/logo\\\/image\\\/\",\"url\":\"https:\\\/\\\/yourgame.pl\\\/sklep\\\/wp-content\\\/uploads\\\/2022\\\/10\\\/Logo-wersja-rozszerozna-biala.png\",\"contentUrl\":\"https:\\\/\\\/yourgame.pl\\\/sklep\\\/wp-content\\\/uploads\\\/2022\\\/10\\\/Logo-wersja-rozszerozna-biala.png\",\"width\":12016,\"height\":3320,\"caption\":\"Your Game Sklep\"},\"image\":{\"@id\":\"https:\\\/\\\/yourgame.pl\\\/sklep\\\/#\\\/schema\\\/logo\\\/image\\\/\"}}]}<\/script>\n<!-- \/ Yoast SEO plugin. -->","yoast_head_json":{"title":"Polityka prywatno\u015bci - Your Game Sklep","robots":{"index":"index","follow":"follow","max-snippet":"max-snippet:-1","max-image-preview":"max-image-preview:large","max-video-preview":"max-video-preview:-1"},"canonical":"https:\/\/yourgame.pl\/sklep\/polityka-prywatnosci\/","og_locale":"pl_PL","og_type":"article","og_title":"Polityka prywatno\u015bci - Your Game Sklep","og_description":"Polityka prywatno\u015bci i cookies dla sklepu internetowego Your Game W wykonaniu obowi\u0105zku informacyjnego wprowadzonego art. 13 ust. 1 i ust. 2 Rozporz\u0105dzenia Parlamentu Europejskiego i Rady (UE) 2016\/679 z dnia 27 kwietnia 2016 r. w sprawie ochrony os\u00f3b fizycznych w zwi\u0105zku z przetwarzaniem danych osobowych i w sprawie swobodnego przep\u0142ywu takich danych oraz uchylenia dyrektywy [&hellip;]","og_url":"https:\/\/yourgame.pl\/sklep\/polityka-prywatnosci\/","og_site_name":"Your Game Sklep","article_modified_time":"2022-12-15T18:49:51+00:00","twitter_card":"summary_large_image","twitter_misc":{"Est. reading time":"5 minut"},"schema":{"@context":"https:\/\/schema.org","@graph":[{"@type":"WebPage","@id":"https:\/\/yourgame.pl\/sklep\/polityka-prywatnosci\/","url":"https:\/\/yourgame.pl\/sklep\/polityka-prywatnosci\/","name":"Polityka prywatno\u015bci - Your Game Sklep","isPartOf":{"@id":"https:\/\/yourgame.pl\/sklep\/#website"},"datePublished":"2022-11-08T19:51:52+00:00","dateModified":"2022-12-15T18:49:51+00:00","breadcrumb":{"@id":"https:\/\/yourgame.pl\/sklep\/polityka-prywatnosci\/#breadcrumb"},"inLanguage":"pl-PL","potentialAction":[{"@type":"ReadAction","target":["https:\/\/yourgame.pl\/sklep\/polityka-prywatnosci\/"]}]},{"@type":"BreadcrumbList","@id":"https:\/\/yourgame.pl\/sklep\/polityka-prywatnosci\/#breadcrumb","itemListElement":[{"@type":"ListItem","position":1,"name":"Sklep","item":"https:\/\/yourgame.pl\/sklep\/"},{"@type":"ListItem","position":2,"name":"Polityka prywatno\u015bci"}]},{"@type":"WebSite","@id":"https:\/\/yourgame.pl\/sklep\/#website","url":"https:\/\/yourgame.pl\/sklep\/","name":"Your Game Sklep","description":"To Ty rozdajesz karty!","publisher":{"@id":"https:\/\/yourgame.pl\/sklep\/#organization"},"potentialAction":[{"@type":"SearchAction","target":{"@type":"EntryPoint","urlTemplate":"https:\/\/yourgame.pl\/sklep\/?s={search_term_string}"},"query-input":{"@type":"PropertyValueSpecification","valueRequired":true,"valueName":"search_term_string"}}],"inLanguage":"pl-PL"},{"@type":"Organization","@id":"https:\/\/yourgame.pl\/sklep\/#organization","name":"Your Game Sklep","url":"https:\/\/yourgame.pl\/sklep\/","logo":{"@type":"ImageObject","inLanguage":"pl-PL","@id":"https:\/\/yourgame.pl\/sklep\/#\/schema\/logo\/image\/","url":"https:\/\/yourgame.pl\/sklep\/wp-content\/uploads\/2022\/10\/Logo-wersja-rozszerozna-biala.png","contentUrl":"https:\/\/yourgame.pl\/sklep\/wp-content\/uploads\/2022\/10\/Logo-wersja-rozszerozna-biala.png","width":12016,"height":3320,"caption":"Your Game Sklep"},"image":{"@id":"https:\/\/yourgame.pl\/sklep\/#\/schema\/logo\/image\/"}}]}},"_links":{"self":[{"href":"https:\/\/yourgame.pl\/sklep\/wp-json\/wp\/v2\/pages\/1092","targetHints":{"allow":["GET"]}}],"collection":[{"href":"https:\/\/yourgame.pl\/sklep\/wp-json\/wp\/v2\/pages"}],"about":[{"href":"https:\/\/yourgame.pl\/sklep\/wp-json\/wp\/v2\/types\/page"}],"author":[{"embeddable":true,"href":"https:\/\/yourgame.pl\/sklep\/wp-json\/wp\/v2\/users\/1"}],"replies":[{"embeddable":true,"href":"https:\/\/yourgame.pl\/sklep\/wp-json\/wp\/v2\/comments?post=1092"}],"version-history":[{"count":0,"href":"https:\/\/yourgame.pl\/sklep\/wp-json\/wp\/v2\/pages\/1092\/revisions"}],"wp:attachment":[{"href":"https:\/\/yourgame.pl\/sklep\/wp-json\/wp\/v2\/media?parent=1092"}],"curies":[{"name":"wp","href":"https:\/\/api.w.org\/{rel}","templated":true}]}}